{"id":336,"date":"2017-10-04T11:47:03","date_gmt":"2017-10-04T09:47:03","guid":{"rendered":"http:\/\/euromeubelservice.eu\/?page_id=336"},"modified":"2017-10-04T11:47:03","modified_gmt":"2017-10-04T09:47:03","slug":"conseil-aide-de-tache-pour-textile-tissu","status":"publish","type":"page","link":"http:\/\/euromeubelservice.eu\/fr\/conseil-aide-de-tache-pour-textile-tissu\/","title":{"rendered":"Conseil &#038; aide de tache pour textile \/ tissu"},"content":{"rendered":"<h3>Conseils g\u00e9n\u00e9raux pour le maintien de vos meubles rev\u00eatus de tissu (s) et \/ ou sommier:<\/h3>\n<ul>\n<li>Aspirer votre meuble chaque semaine (vous avez en g\u00e9n\u00e9ral dans chaque aspirateur une brosse pour meuble) !<\/li>\n<li>Pour tous les produits d\u2019entretiens : toujours faire un premier essai sur un endroit discret (ceci afin de d\u00e9terminer une possibilit\u00e9 de d\u00e9coloration du textile).<\/li>\n<li>Nettoyer toujours les taches avec un chiffon blanc, propre et absorbant ( par exemple en coton).<\/li>\n<li>Pendant le nettoyage des taches il vous est recommand\u00e9 de tamponner et PAS de frotter.<\/li>\n<li>Nettoyer les taches de l\u2019ext\u00e9rieur vers l\u2019int\u00e9rieur afin d\u2019anticiper la formation d\u2019aur\u00e9ole !<\/li>\n<li>Nous vous d\u00e9conseillons de laisser vos animaux domestiques sur votre meuble, \u00e0 moins que celui-ci soit prot\u00e9g\u00e9. Le meuble n\u2019est pas fait pour les chats et chiens. Le rev\u00eatement est en g\u00e9n\u00e9ral endommag\u00e9 par les animaux domestiques.<\/li>\n<\/ul>\n<p>&nbsp;<\/p>\n<h3>Que faire avec des taches de liquides ?<\/h3>\n<ul>\n<li>Utiliser pour des taches de liquides en premier temps un tissu absorbant blanc (sans texte imprim\u00e9) afin de supprimer la tache. Traiter la tache supprim\u00e9e avec un chiffon propre et de l\u2019eau clair !<\/li>\n<li>Si la tache reste, la traiter avec le produit Easyclean (d\u00e9tachant) qui vous a \u00e9t\u00e9 fournit, suivre la description de traitement sur l\u2019emballage !<\/li>\n<li>R\u00e9p\u00e9ter le traitement si n\u00e9cessaire !<\/li>\n<li>Si les taches n\u2019ont pas disparue, rapporter le probl\u00e8me dans les 3 jours sur le site suivant www.eurofurnitureservice.eu (vous avez besoin pour cela de votre code d\u2019enregistrement).<\/li>\n<\/ul>\n<p>&nbsp;<\/p>\n<h3>Que faire avec des taches de mati\u00e8res solide?<\/h3>\n<ul>\n<li>Gratter directement le plus possible de tache pour commencer avec par exemple une petite cuill\u00e8re. Traiter le reste de la tache ensuite avec un chiffon propre et de l\u2019eau !<\/li>\n<li>Si la tache reste, la traiter avec le produit Easyclean (d\u00e9tachant) qui vous a \u00e9t\u00e9 fournit, suivre la description de traitement sur l\u2019emballage !<\/li>\n<li>R\u00e9p\u00e9ter le traitement si n\u00e9cessaire !<\/li>\n<li>Si les taches n\u2019ont pas disparue, rapporter le probl\u00e8me dans les 3 jours sur le site suivant www.eurofurnitureservice.eu (vous avez besoin pour cela de votre code d\u2019enregistrement).<\/li>\n<\/ul>\n<p>&nbsp;<\/p>\n<h3>Attention !<\/h3>\n<p>Le produit Royal Textile Care Easyclean est un nettoyant con\u00e7u pour les tissus de meubles trait\u00e9s mais cela ne s\u2019applique pas \u00e0 tous les agents de nettoyage. Ne pas utiliser d\u2019autre d\u00e9tergent ou produit de nettoyage sur votre ameublement trait\u00e9.<\/p>\n<p>Plus d\u2019information concernant le textile et son traitement peu \u00eatre trouve sur le site suivant\u00a0<a href=\"http:\/\/www.oranjebv.com\/\" target=\"_blank\" rel=\"noopener\">www.oranjebv.com<\/a><\/p>\n","protected":false},"excerpt":{"rendered":"<p>Conseils g\u00e9n\u00e9raux pour le maintien de vos meubles rev\u00eatus de tissu (s) et \/ ou sommier: Aspirer votre meuble chaque semaine (vous avez en g\u00e9n\u00e9ral dans chaque aspirateur une brosse pour meuble) ! Pour tous les produits d\u2019entretiens : toujours faire un premier essai sur&#8230;<\/p>\n","protected":false},"author":1,"featured_media":0,"parent":0,"menu_order":0,"comment_status":"closed","ping_status":"closed","template":"","meta":[],"_links":{"self":[{"href":"http:\/\/euromeubelservice.eu\/fr\/wp-json\/wp\/v2\/pages\/336"}],"collection":[{"href":"http:\/\/euromeubelservice.eu\/fr\/wp-json\/wp\/v2\/pages"}],"about":[{"href":"http:\/\/euromeubelservice.eu\/fr\/wp-json\/wp\/v2\/types\/page"}],"author":[{"embeddable":true,"href":"http:\/\/euromeubelservice.eu\/fr\/wp-json\/wp\/v2\/users\/1"}],"replies":[{"embeddable":true,"href":"http:\/\/euromeubelservice.eu\/fr\/wp-json\/wp\/v2\/comments?post=336"}],"version-history":[{"count":1,"href":"http:\/\/euromeubelservice.eu\/fr\/wp-json\/wp\/v2\/pages\/336\/revisions"}],"predecessor-version":[{"id":337,"href":"http:\/\/euromeubelservice.eu\/fr\/wp-json\/wp\/v2\/pages\/336\/revisions\/337"}],"wp:attachment":[{"href":"http:\/\/euromeubelservice.eu\/fr\/wp-json\/wp\/v2\/media?parent=336"}],"curies":[{"name":"wp","href":"https:\/\/api.w.org\/{rel}","templated":true}]}}